{"id":183,"date":"2021-05-09T01:13:29","date_gmt":"2021-05-09T01:13:29","guid":{"rendered":"http:\/\/www.persianasblindco.com\/?page_id=183"},"modified":"2021-05-09T01:15:09","modified_gmt":"2021-05-09T01:15:09","slug":"empresa2-2","status":"publish","type":"page","link":"https:\/\/www.persianasblindco.com\/?page_id=183","title":{"rendered":"Empresa"},"content":{"rendered":"\n<h1 class=\"has-text-align-center wp-block-heading\">EMPRESA<\/h1>\n\n\n\n<p class=\"has-text-align-center\">Nuestra empresa nace en el a\u00f1o 2013 con 2 ubicaciones en Ensenada y Mexicali bajo el r\u00e9gimen de incorporaci\u00f3n fiscal (RIF) con el prop\u00f3sito principal de fabricar productos y dar servicios de calidad a nuestros clientes.<\/p>\n\n\n\n<h1 class=\"has-text-align-center wp-block-heading\" id=\"block-71afdbc4-ce77-4645-a1ef-66943c236025\">OBJETIVO GENERAL<\/h1>\n\n\n\n<p class=\"has-text-align-center\" id=\"block-71afdbc4-ce77-4645-a1ef-66943c236025\">Ofrecer a nuestros clientes productos y servicios con la mas alta calidad, lo cual permita tener una marcada preferencia por el alto nivel de servicio, innovar en productos y garantizar al m\u00e1ximo la tranquilidad que se merecen.<\/p>\n\n\n\n<h1 class=\"has-text-align-center wp-block-heading\" id=\"block-d19dc02f-521e-4ea5-a16c-9ae6ba6ef168\">VISI\u00d3N<\/h1>\n\n\n\n<p class=\"has-text-align-center\">Posicionarse a nivel nacional como l\u00edderes en la fabricaci\u00f3n de persianas y productos de decoraci\u00f3n.<\/p>\n\n\n\n<h1 class=\"has-text-align-center wp-block-heading\" id=\"block-3f6ddd95-0541-4462-9c7d-beab79a1cc90\">MISI\u00d3N<\/h1>\n\n\n\n<p class=\"has-text-align-center\">Brindar un servicio de excelencia a nuestros clientes, ofreciendo proyectos a su medida.<\/p>\n\n\n\n<h1 class=\"has-text-align-center wp-block-heading\" id=\"block-6b845933-a430-4fe0-9542-6f1397afc182\">VALORES<\/h1>\n\n\n\n<p class=\"has-text-align-center\">\u2022 Honestidad<br>\u2022 Lealtad<br>\u2022 Compromiso<br>\u2022 Responsabilidad<\/p>\n","protected":false},"excerpt":{"rendered":"<p>EMPRESA Nuestra empresa nace en el a\u00f1o 2013 con 2 ubicaciones en Ensenada y Mexicali bajo el r\u00e9gimen de incorporaci\u00f3n fiscal (RIF) con el prop\u00f3sito principal de fabricar productos y dar servicios de calidad a nuestros clientes. OBJETIVO GENERAL Ofrecer a nuestros clientes productos y servicios con la mas alta calidad, lo cual permita tener [&hellip;]<\/p>\n","protected":false},"author":1,"featured_media":0,"parent":0,"menu_order":0,"comment_status":"closed","ping_status":"closed","template":"","meta":{"ngg_post_thumbnail":0,"footnotes":""},"class_list":["post-183","page","type-page","status-publish","hentry"],"_links":{"self":[{"href":"https:\/\/www.persianasblindco.com\/index.php?rest_route=\/wp\/v2\/pages\/183","targetHints":{"allow":["GET"]}}],"collection":[{"href":"https:\/\/www.persianasblindco.com\/index.php?rest_route=\/wp\/v2\/pages"}],"about":[{"href":"https:\/\/www.persianasblindco.com\/index.php?rest_route=\/wp\/v2\/types\/page"}],"author":[{"embeddable":true,"href":"https:\/\/www.persianasblindco.com\/index.php?rest_route=\/wp\/v2\/users\/1"}],"replies":[{"embeddable":true,"href":"https:\/\/www.persianasblindco.com\/index.php?rest_route=%2Fwp%2Fv2%2Fcomments&post=183"}],"version-history":[{"count":2,"href":"https:\/\/www.persianasblindco.com\/index.php?rest_route=\/wp\/v2\/pages\/183\/revisions"}],"predecessor-version":[{"id":185,"href":"https:\/\/www.persianasblindco.com\/index.php?rest_route=\/wp\/v2\/pages\/183\/revisions\/185"}],"wp:attachment":[{"href":"https:\/\/www.persianasblindco.com\/index.php?rest_route=%2Fwp%2Fv2%2Fmedia&parent=183"}],"curies":[{"name":"wp","href":"https:\/\/api.w.org\/{rel}","templated":true}]}}