{"id":196,"date":"2021-05-12T22:16:07","date_gmt":"2021-05-12T22:16:07","guid":{"rendered":"http:\/\/www.persianasblindco.com\/?page_id=196"},"modified":"2021-05-13T20:18:32","modified_gmt":"2021-05-13T20:18:32","slug":"productos","status":"publish","type":"page","link":"https:\/\/www.persianasblindco.com\/?page_id=196","title":{"rendered":"Productos"},"content":{"rendered":"<p class=\"imatge\" style=\"text-align: justify;\"><span style=\"font-size: 12pt;\"><span style=\"font-family: tahoma, arial, helvetica, sans-serif;\">Reciba un cordial saludo y por medio de la presente ponemos a su disposici\u00f3n nuestra empresa para cualquier servicio de decoraci\u00f3n y remodelaci\u00f3n en todo tipo de persianas, papel tapiz, pasto sint\u00e9tico, follaje artificial, pisos laminados y vin\u00edlico<\/span><\/span><\/p>\n<p style=\"text-align: justify;\"><span style=\"font-size: 12pt;\"><span style=\"font-family: tahoma, arial, helvetica, sans-serif;\">Nuestro objetivo es poner a su alcance los mejores productos de tales como:<\/span><\/span><\/p>\n<p style=\"text-align: justify;\"><span style=\"font-size: 12pt;\"><span style=\"font-family: tahoma, arial, helvetica, sans-serif;\">*Persianas Enrollables<\/span><\/span><br \/>\n<span style=\"font-size: 12pt;\"><span style=\"font-family: tahoma, arial, helvetica, sans-serif;\"> *Persianas Zebra<\/span><\/span><br \/>\n<span style=\"font-size: 12pt;\"><span style=\"font-family: tahoma, arial, helvetica, sans-serif;\"> *Shutters<\/span><\/span><br \/>\n<span style=\"font-size: 12pt;\"><span style=\"font-family: tahoma, arial, helvetica, sans-serif;\"> *Panel Track<\/span><\/span><br \/>\n<span style=\"font-size: 12pt;\"><span style=\"font-family: tahoma, arial, helvetica, sans-serif;\"> *Verticales PVC<\/span><\/span><br \/>\n<span style=\"font-size: 12pt;\"><span style=\"font-family: tahoma, arial, helvetica, sans-serif;\"> *Horizontal Madera<\/span><\/span><br \/>\n<span style=\"font-size: 12pt;\"><span style=\"font-family: tahoma, arial, helvetica, sans-serif;\"> *Pasto Sintetico<\/span><\/span><br \/>\n<span style=\"font-size: 12pt;\"><span style=\"font-family: tahoma, arial, helvetica, sans-serif;\"> *Follaje Artificial<\/span><\/span><br \/>\n<span style=\"font-size: 12pt;\"><span style=\"font-family: tahoma, arial, helvetica, sans-serif;\"> *Papel Tapiz<\/span><\/span><br \/>\n<span style=\"font-size: 12pt;\"><span style=\"font-family: tahoma, arial, helvetica, sans-serif;\"> *Piso Laminado<\/span><\/span><\/p>\n<table style=\"border-collapse: collapse; width: 0%;\">\n<tbody>\n<tr>\n<td style=\"width: 33.3333%; text-align: center;\">\n<p><figure id=\"attachment_203\" aria-describedby=\"caption-attachment-203\" style=\"width: 268px\" class=\"wp-caption alignnone\"><img loading=\"lazy\" decoding=\"async\" class=\"wp-image-203 size-medium\" src=\"https:\/\/www.persianasblindco.com\/wp-content\/uploads\/2021\/05\/p_enrollable-268x300.png\" alt=\"Persianas Enrollables\" width=\"268\" height=\"300\" srcset=\"https:\/\/www.persianasblindco.com\/wp-content\/uploads\/2021\/05\/p_enrollable-268x300.png 268w, https:\/\/www.persianasblindco.com\/wp-content\/uploads\/2021\/05\/p_enrollable.png 468w\" sizes=\"auto, (max-width: 268px) 100vw, 268px\" \/><figcaption id=\"caption-attachment-203\" class=\"wp-caption-text\">Persianas Enrollables<\/figcaption><\/figure><\/td>\n<td style=\"width: 33.3333%; text-align: center;\">\n<p><figure id=\"attachment_207\" aria-describedby=\"caption-attachment-207\" style=\"width: 226px\" class=\"wp-caption aligncenter\"><img loading=\"lazy\" decoding=\"async\" class=\"wp-image-207 size-medium\" src=\"https:\/\/www.persianasblindco.com\/wp-content\/uploads\/2021\/05\/p_zebra-226x300.png\" alt=\"Persianas Zebra\" width=\"226\" height=\"300\" srcset=\"https:\/\/www.persianasblindco.com\/wp-content\/uploads\/2021\/05\/p_zebra-226x300.png 226w, https:\/\/www.persianasblindco.com\/wp-content\/uploads\/2021\/05\/p_zebra.png 412w\" sizes=\"auto, (max-width: 226px) 100vw, 226px\" \/><figcaption id=\"caption-attachment-207\" class=\"wp-caption-text\">Persianas Zebra<\/figcaption><\/figure><\/td>\n<td style=\"width: 33.3333%;\">\n<p><figure id=\"attachment_205\" aria-describedby=\"caption-attachment-205\" style=\"width: 297px\" class=\"wp-caption aligncenter\"><img loading=\"lazy\" decoding=\"async\" class=\"wp-image-205 size-medium\" src=\"https:\/\/www.persianasblindco.com\/wp-content\/uploads\/2021\/05\/p_shutters-297x300.png\" alt=\"Shutters\" width=\"297\" height=\"300\" srcset=\"https:\/\/www.persianasblindco.com\/wp-content\/uploads\/2021\/05\/p_shutters-297x300.png 297w, https:\/\/www.persianasblindco.com\/wp-content\/uploads\/2021\/05\/p_shutters.png 466w\" sizes=\"auto, (max-width: 297px) 100vw, 297px\" \/><figcaption id=\"caption-attachment-205\" class=\"wp-caption-text\">Shutters<\/figcaption><\/figure><\/td>\n<\/tr>\n<tr>\n<td style=\"width: 33.3333%; text-align: center;\">\n<p><figure id=\"attachment_208\" aria-describedby=\"caption-attachment-208\" style=\"width: 298px\" class=\"wp-caption aligncenter\"><img loading=\"lazy\" decoding=\"async\" class=\"wp-image-208 size-medium\" src=\"https:\/\/www.persianasblindco.com\/wp-content\/uploads\/2021\/05\/panel_track-298x300.png\" alt=\"Panel Track\" width=\"298\" height=\"300\" srcset=\"https:\/\/www.persianasblindco.com\/wp-content\/uploads\/2021\/05\/panel_track-298x300.png 298w, https:\/\/www.persianasblindco.com\/wp-content\/uploads\/2021\/05\/panel_track-150x150.png 150w, https:\/\/www.persianasblindco.com\/wp-content\/uploads\/2021\/05\/panel_track.png 494w\" sizes=\"auto, (max-width: 298px) 100vw, 298px\" \/><figcaption id=\"caption-attachment-208\" class=\"wp-caption-text\">Panel Track<\/figcaption><\/figure><\/td>\n<td style=\"width: 33.3333%; text-align: center;\">\n<p><figure id=\"attachment_206\" aria-describedby=\"caption-attachment-206\" style=\"width: 300px\" class=\"wp-caption aligncenter\"><img loading=\"lazy\" decoding=\"async\" class=\"wp-image-206 size-medium\" src=\"https:\/\/www.persianasblindco.com\/wp-content\/uploads\/2021\/05\/p_vert_pvc-300x220.png\" alt=\"Verticales PVC\" width=\"300\" height=\"220\" srcset=\"https:\/\/www.persianasblindco.com\/wp-content\/uploads\/2021\/05\/p_vert_pvc-300x220.png 300w, https:\/\/www.persianasblindco.com\/wp-content\/uploads\/2021\/05\/p_vert_pvc.png 566w\" sizes=\"auto, (max-width: 300px) 100vw, 300px\" \/><figcaption id=\"caption-attachment-206\" class=\"wp-caption-text\">Verticales PVC<\/figcaption><\/figure><\/td>\n<td style=\"width: 33.3333%; text-align: center;\">\n<p><figure id=\"attachment_204\" aria-describedby=\"caption-attachment-204\" style=\"width: 300px\" class=\"wp-caption aligncenter\"><img loading=\"lazy\" decoding=\"async\" class=\"wp-image-204 size-medium\" src=\"https:\/\/www.persianasblindco.com\/wp-content\/uploads\/2021\/05\/p_hor_madera-300x296.png\" alt=\"Horizontal Madera\" width=\"300\" height=\"296\" srcset=\"https:\/\/www.persianasblindco.com\/wp-content\/uploads\/2021\/05\/p_hor_madera-300x296.png 300w, https:\/\/www.persianasblindco.com\/wp-content\/uploads\/2021\/05\/p_hor_madera.png 556w\" sizes=\"auto, (max-width: 300px) 100vw, 300px\" \/><figcaption id=\"caption-attachment-204\" class=\"wp-caption-text\">Horizontal Madera<\/figcaption><\/figure><\/td>\n<\/tr>\n<tr>\n<td style=\"width: 33.3333%; text-align: center;\">\n<p><figure id=\"attachment_210\" aria-describedby=\"caption-attachment-210\" style=\"width: 300px\" class=\"wp-caption aligncenter\"><img loading=\"lazy\" decoding=\"async\" class=\"wp-image-210 size-medium\" src=\"https:\/\/www.persianasblindco.com\/wp-content\/uploads\/2021\/05\/pasto_sinte-300x225.png\" alt=\"Pasto Sintetico\" width=\"300\" height=\"225\" srcset=\"https:\/\/www.persianasblindco.com\/wp-content\/uploads\/2021\/05\/pasto_sinte-300x225.png 300w, https:\/\/www.persianasblindco.com\/wp-content\/uploads\/2021\/05\/pasto_sinte.png 626w\" sizes=\"auto, (max-width: 300px) 100vw, 300px\" \/><figcaption id=\"caption-attachment-210\" class=\"wp-caption-text\">Pasto Sintetico<\/figcaption><\/figure><\/td>\n<td style=\"width: 33.3333%; text-align: center;\">\n<p><figure id=\"attachment_201\" aria-describedby=\"caption-attachment-201\" style=\"width: 300px\" class=\"wp-caption aligncenter\"><img loading=\"lazy\" decoding=\"async\" class=\"wp-image-201 size-medium\" src=\"https:\/\/www.persianasblindco.com\/wp-content\/uploads\/2021\/05\/piso_laminado-300x167.png\" alt=\"Piso laminado\" width=\"300\" height=\"167\" srcset=\"https:\/\/www.persianasblindco.com\/wp-content\/uploads\/2021\/05\/piso_laminado-300x167.png 300w, https:\/\/www.persianasblindco.com\/wp-content\/uploads\/2021\/05\/piso_laminado-768x429.png 768w, https:\/\/www.persianasblindco.com\/wp-content\/uploads\/2021\/05\/piso_laminado.png 928w\" sizes=\"auto, (max-width: 300px) 100vw, 300px\" \/><figcaption id=\"caption-attachment-201\" class=\"wp-caption-text\">Piso Laminado<\/figcaption><\/figure><\/td>\n<td style=\"width: 33.3333%; text-align: center;\">\n<p><figure id=\"attachment_209\" aria-describedby=\"caption-attachment-209\" style=\"width: 300px\" class=\"wp-caption aligncenter\"><img loading=\"lazy\" decoding=\"async\" class=\"wp-image-209 size-medium\" src=\"https:\/\/www.persianasblindco.com\/wp-content\/uploads\/2021\/05\/papel_tapiz-300x255.png\" alt=\"Papel Tapiz\" width=\"300\" height=\"255\" srcset=\"https:\/\/www.persianasblindco.com\/wp-content\/uploads\/2021\/05\/papel_tapiz-300x255.png 300w, https:\/\/www.persianasblindco.com\/wp-content\/uploads\/2021\/05\/papel_tapiz.png 678w\" sizes=\"auto, (max-width: 300px) 100vw, 300px\" \/><figcaption id=\"caption-attachment-209\" class=\"wp-caption-text\">Papel Tapiz<\/figcaption><\/figure><\/td>\n<\/tr>\n<tr>\n<td style=\"width: 33.3333%; text-align: center;\">\n<p><figure id=\"attachment_202\" aria-describedby=\"caption-attachment-202\" style=\"width: 246px\" class=\"wp-caption aligncenter\"><img loading=\"lazy\" decoding=\"async\" class=\"wp-image-202 size-medium\" src=\"https:\/\/www.persianasblindco.com\/wp-content\/uploads\/2021\/05\/foll_artif-246x300.png\" alt=\"Follaje Artificial\" width=\"246\" height=\"300\" srcset=\"https:\/\/www.persianasblindco.com\/wp-content\/uploads\/2021\/05\/foll_artif-246x300.png 246w, https:\/\/www.persianasblindco.com\/wp-content\/uploads\/2021\/05\/foll_artif.png 450w\" sizes=\"auto, (max-width: 246px) 100vw, 246px\" \/><figcaption id=\"caption-attachment-202\" class=\"wp-caption-text\">Follaje Artificial<\/figcaption><\/figure><\/td>\n<td style=\"width: 33.3333%;\">&nbsp;<\/td>\n<td style=\"width: 33.3333%;\">&nbsp;<\/td>\n<\/tr>\n<\/tbody>\n<\/table>\n","protected":false},"excerpt":{"rendered":"<p>Reciba un cordial saludo y por medio de la presente ponemos a su disposici\u00f3n nuestra empresa para cualquier servicio de decoraci\u00f3n y remodelaci\u00f3n en todo tipo de persianas, papel tapiz, pasto sint\u00e9tico, follaje artificial, pisos laminados y vin\u00edlico Nuestro objetivo es poner a su alcance los mejores productos de tales como: *Persianas Enrollables *Persianas Zebra [&hellip;]<\/p>\n","protected":false},"author":1,"featured_media":0,"parent":0,"menu_order":0,"comment_status":"closed","ping_status":"closed","template":"","meta":{"ngg_post_thumbnail":0,"footnotes":""},"class_list":["post-196","page","type-page","status-publish","hentry"],"_links":{"self":[{"href":"https:\/\/www.persianasblindco.com\/index.php?rest_route=\/wp\/v2\/pages\/196","targetHints":{"allow":["GET"]}}],"collection":[{"href":"https:\/\/www.persianasblindco.com\/index.php?rest_route=\/wp\/v2\/pages"}],"about":[{"href":"https:\/\/www.persianasblindco.com\/index.php?rest_route=\/wp\/v2\/types\/page"}],"author":[{"embeddable":true,"href":"https:\/\/www.persianasblindco.com\/index.php?rest_route=\/wp\/v2\/users\/1"}],"replies":[{"embeddable":true,"href":"https:\/\/www.persianasblindco.com\/index.php?rest_route=%2Fwp%2Fv2%2Fcomments&post=196"}],"version-history":[{"count":6,"href":"https:\/\/www.persianasblindco.com\/index.php?rest_route=\/wp\/v2\/pages\/196\/revisions"}],"predecessor-version":[{"id":216,"href":"https:\/\/www.persianasblindco.com\/index.php?rest_route=\/wp\/v2\/pages\/196\/revisions\/216"}],"wp:attachment":[{"href":"https:\/\/www.persianasblindco.com\/index.php?rest_route=%2Fwp%2Fv2%2Fmedia&parent=196"}],"curies":[{"name":"wp","href":"https:\/\/api.w.org\/{rel}","templated":true}]}}