{"id":217,"date":"2021-05-18T18:51:58","date_gmt":"2021-05-18T18:51:58","guid":{"rendered":"http:\/\/www.persianasblindco.com\/?page_id=217"},"modified":"2021-05-19T04:23:01","modified_gmt":"2021-05-19T04:23:01","slug":"nuestros-clientes","status":"publish","type":"page","link":"https:\/\/www.persianasblindco.com\/?page_id=217","title":{"rendered":"Nuestros Clientes"},"content":{"rendered":"\n<p>Nuestra Experiencia<\/p>\n<table style=\"height: 1454px; width: 100%; border-collapse: collapse; border-style: hidden; border-color: #ffffff; background-color: #ffffff;\">\n<tbody>\n<tr style=\"height: 435px;\">\n<td style=\"width: 33.3333%; text-align: center; vertical-align: middle; height: 435px;\">\n<figure id=\"attachment_225\" aria-describedby=\"caption-attachment-225\" style=\"width: 196px\" class=\"wp-caption aligncenter\"><img loading=\"lazy\" decoding=\"async\" class=\"wp-image-225 size-medium\" src=\"https:\/\/www.persianasblindco.com\/wp-content\/uploads\/2021\/05\/gob_bc-196x300.png\" alt=\"\" width=\"196\" height=\"300\" srcset=\"https:\/\/www.persianasblindco.com\/wp-content\/uploads\/2021\/05\/gob_bc-196x300.png 196w, https:\/\/www.persianasblindco.com\/wp-content\/uploads\/2021\/05\/gob_bc.png 250w\" sizes=\"auto, (max-width: 196px) 100vw, 196px\" \/><figcaption id=\"caption-attachment-225\" class=\"wp-caption-text\">Empresa: Gobierno del Estado<br>Ubicaci\u00f3n: Edificio Poder Ejecutivo<br>Proyecto: Remodelaci\u00f3n Oficina Gobernaci\u00f3n<\/figcaption><\/figure>\n<\/td>\n<td style=\"width: 33.3333%; text-align: center; vertical-align: middle; height: 435px;\">\n<figure id=\"attachment_222\" aria-describedby=\"caption-attachment-222\" style=\"width: 300px\" class=\"wp-caption aligncenter\"><img loading=\"lazy\" decoding=\"async\" class=\"size-full wp-image-222\" src=\"https:\/\/www.persianasblindco.com\/wp-content\/uploads\/2021\/05\/cons_cadena.png\" alt=\"\" width=\"300\" height=\"247\"><figcaption id=\"caption-attachment-222\" class=\"wp-caption-text\">Empresa: Constructora Cadena<br>Ubicaci\u00f3n: Blvr. L\u00e1zaro C\u00e1rdenas 1601<br>Proyecto: Remodelaci\u00f3n Oficinas<\/figcaption><\/figure>\n<\/td>\n<td style=\"width: 33.3333%; text-align: center; vertical-align: middle; height: 435px;\">\n<figure id=\"attachment_231\" aria-describedby=\"caption-attachment-231\" style=\"width: 300px\" class=\"wp-caption aligncenter\"><img loading=\"lazy\" decoding=\"async\" class=\"size-medium wp-image-231\" src=\"https:\/\/www.persianasblindco.com\/wp-content\/uploads\/2021\/05\/uabc-300x158.png\" alt=\"\" width=\"300\" height=\"158\" srcset=\"https:\/\/www.persianasblindco.com\/wp-content\/uploads\/2021\/05\/uabc-300x158.png 300w, https:\/\/www.persianasblindco.com\/wp-content\/uploads\/2021\/05\/uabc.png 512w\" sizes=\"auto, (max-width: 300px) 100vw, 300px\" \/><figcaption id=\"caption-attachment-231\" class=\"wp-caption-text\">Empresa: UABC<br>Ubicaci\u00f3n: Calle Churubusco<br>Proyecto: Remodelaci\u00f3n Oficinas Rector\u00eda<\/figcaption><\/figure>\n<\/td>\n<\/tr>\n<tr style=\"height: 273px;\">\n<td style=\"width: 33.3333%; text-align: center; vertical-align: middle; height: 273px;\">\n<figure id=\"attachment_226\" aria-describedby=\"caption-attachment-226\" style=\"width: 300px\" class=\"wp-caption aligncenter\"><img loading=\"lazy\" decoding=\"async\" class=\"size-medium wp-image-226\" src=\"https:\/\/www.persianasblindco.com\/wp-content\/uploads\/2021\/05\/inm-300x187.png\" alt=\"\" width=\"300\" height=\"187\" srcset=\"https:\/\/www.persianasblindco.com\/wp-content\/uploads\/2021\/05\/inm-300x187.png 300w, https:\/\/www.persianasblindco.com\/wp-content\/uploads\/2021\/05\/inm.png 442w\" sizes=\"auto, (max-width: 300px) 100vw, 300px\" \/><figcaption id=\"caption-attachment-226\" class=\"wp-caption-text\">Empresa: INM<br>Ubicaci\u00f3n: Pioneros 1005<br>Proyecto: Remodelaci\u00f3n Oficinas<\/figcaption><\/figure>\n<\/td>\n<td style=\"width: 33.3333%; text-align: center; vertical-align: middle; height: 273px;\">\n<figure id=\"attachment_219\" aria-describedby=\"caption-attachment-219\" style=\"width: 300px\" class=\"wp-caption aligncenter\"><img loading=\"lazy\" decoding=\"async\" class=\"size-medium wp-image-219\" src=\"https:\/\/www.persianasblindco.com\/wp-content\/uploads\/2021\/05\/asebc-300x200.png\" alt=\"\" width=\"300\" height=\"200\" srcset=\"https:\/\/www.persianasblindco.com\/wp-content\/uploads\/2021\/05\/asebc-300x200.png 300w, https:\/\/www.persianasblindco.com\/wp-content\/uploads\/2021\/05\/asebc.png 460w\" sizes=\"auto, (max-width: 300px) 100vw, 300px\" \/><figcaption id=\"caption-attachment-219\" class=\"wp-caption-text\">Empresa: ASEBC<br>Ubicaci\u00f3n: Calle Calafia<br>Proyecto: Remodelaci\u00f3n Oficinas<\/figcaption><\/figure>\n<\/td>\n<td style=\"width: 33.3333%; text-align: center; vertical-align: middle; height: 273px;\">\n<figure id=\"attachment_228\" aria-describedby=\"caption-attachment-228\" style=\"width: 300px\" class=\"wp-caption aligncenter\"><img loading=\"lazy\" decoding=\"async\" class=\"size-medium wp-image-228\" src=\"https:\/\/www.persianasblindco.com\/wp-content\/uploads\/2021\/05\/jumex-300x168.png\" alt=\"\" width=\"300\" height=\"168\" srcset=\"https:\/\/www.persianasblindco.com\/wp-content\/uploads\/2021\/05\/jumex-300x168.png 300w, https:\/\/www.persianasblindco.com\/wp-content\/uploads\/2021\/05\/jumex.png 500w\" sizes=\"auto, (max-width: 300px) 100vw, 300px\" \/><figcaption id=\"caption-attachment-228\" class=\"wp-caption-text\">Empresa: Jumex<br>Ubicaci\u00f3n: L\u00e1zaro C\u00e1rdenas 4098<br>Proyecto: Remodelaci\u00f3n Oficina<\/figcaption><\/figure>\n<\/td>\n<\/tr>\n<tr style=\"height: 373px;\">\n<td style=\"width: 33.3333%; text-align: center; vertical-align: middle; height: 373px;\">\n<figure id=\"attachment_230\" aria-describedby=\"caption-attachment-230\" style=\"width: 300px\" class=\"wp-caption aligncenter\"><img loading=\"lazy\" decoding=\"async\" class=\"size-medium wp-image-230\" src=\"https:\/\/www.persianasblindco.com\/wp-content\/uploads\/2021\/05\/taylor_farms-300x300.png\" alt=\"\" width=\"300\" height=\"300\" srcset=\"https:\/\/www.persianasblindco.com\/wp-content\/uploads\/2021\/05\/taylor_farms.png 300w, https:\/\/www.persianasblindco.com\/wp-content\/uploads\/2021\/05\/taylor_farms-150x150.png 150w\" sizes=\"auto, (max-width: 300px) 100vw, 300px\" \/><figcaption id=\"caption-attachment-230\" class=\"wp-caption-text\">Empresa: Taylor Farms<br>Ubicaci\u00f3n: Cd. Morelos, Mexicali<br>Proyecto: Remodelaci\u00f3n Oficinas<\/figcaption><\/figure>\n<\/td>\n<td style=\"width: 33.3333%; text-align: center; vertical-align: middle; height: 373px;\">\n<figure id=\"attachment_229\" aria-describedby=\"caption-attachment-229\" style=\"width: 300px\" class=\"wp-caption aligncenter\"><img loading=\"lazy\" decoding=\"async\" class=\"size-medium wp-image-229\" src=\"https:\/\/www.persianasblindco.com\/wp-content\/uploads\/2021\/05\/merc_titos-300x110.png\" alt=\"\" width=\"300\" height=\"110\" srcset=\"https:\/\/www.persianasblindco.com\/wp-content\/uploads\/2021\/05\/merc_titos-300x110.png 300w, https:\/\/www.persianasblindco.com\/wp-content\/uploads\/2021\/05\/merc_titos.png 364w\" sizes=\"auto, (max-width: 300px) 100vw, 300px\" \/><figcaption id=\"caption-attachment-229\" class=\"wp-caption-text\">Empresa: Mercados Titos<br>Ubicaci\u00f3n: Villahermosa 1501<br>Proyecto: Remodelaci\u00f3n Oficinas<\/figcaption><\/figure>\n<\/td>\n<td style=\"width: 33.3333%; text-align: center; vertical-align: middle; height: 373px;\">\n<figure id=\"attachment_232\" aria-describedby=\"caption-attachment-232\" style=\"width: 300px\" class=\"wp-caption aligncenter\"><img loading=\"lazy\" decoding=\"async\" class=\"size-medium wp-image-232\" src=\"https:\/\/www.persianasblindco.com\/wp-content\/uploads\/2021\/05\/vips-300x236.png\" alt=\"\" width=\"300\" height=\"236\" srcset=\"https:\/\/www.persianasblindco.com\/wp-content\/uploads\/2021\/05\/vips-300x236.png 300w, https:\/\/www.persianasblindco.com\/wp-content\/uploads\/2021\/05\/vips.png 500w\" sizes=\"auto, (max-width: 300px) 100vw, 300px\" \/><figcaption id=\"caption-attachment-232\" class=\"wp-caption-text\">Empresa: Restaurantes VIPS<br>Ubicaci\u00f3n: L\u00e1zaro C\u00e1rdenas 1801<br>Proyecto: Remodelaci\u00f3n Comedor<\/figcaption><\/figure>\n<\/td>\n<\/tr>\n<tr style=\"height: 373px;\">\n<td style=\"width: 33.3333%; text-align: center; vertical-align: middle; height: 373px;\">\n<figure id=\"attachment_224\" aria-describedby=\"caption-attachment-224\" style=\"width: 300px\" class=\"wp-caption aligncenter\"><img loading=\"lazy\" decoding=\"async\" class=\"size-medium wp-image-224\" src=\"https:\/\/www.persianasblindco.com\/wp-content\/uploads\/2021\/05\/dist_rembao-300x182.png\" alt=\"\" width=\"300\" height=\"182\" srcset=\"https:\/\/www.persianasblindco.com\/wp-content\/uploads\/2021\/05\/dist_rembao-300x182.png 300w, https:\/\/www.persianasblindco.com\/wp-content\/uploads\/2021\/05\/dist_rembao.png 512w\" sizes=\"auto, (max-width: 300px) 100vw, 300px\" \/><figcaption id=\"caption-attachment-224\" class=\"wp-caption-text\">Empresa: Dist. Rembao<br>Ubicaci\u00f3n: Calzda. Industrial Palaco<br>Proyecto: Remodelaci\u00f3n Oficinas<\/figcaption><\/figure>\n<\/td>\n<td style=\"width: 33.3333%; text-align: center; vertical-align: middle; height: 373px;\">\n<figure id=\"attachment_227\" aria-describedby=\"caption-attachment-227\" style=\"width: 300px\" class=\"wp-caption aligncenter\"><img loading=\"lazy\" decoding=\"async\" class=\"size-medium wp-image-227\" src=\"https:\/\/www.persianasblindco.com\/wp-content\/uploads\/2021\/05\/int_surgical-300x120.png\" alt=\"\" width=\"300\" height=\"120\" srcset=\"https:\/\/www.persianasblindco.com\/wp-content\/uploads\/2021\/05\/int_surgical-300x120.png 300w, https:\/\/www.persianasblindco.com\/wp-content\/uploads\/2021\/05\/int_surgical-768x307.png 768w, https:\/\/www.persianasblindco.com\/wp-content\/uploads\/2021\/05\/int_surgical.png 900w\" sizes=\"auto, (max-width: 300px) 100vw, 300px\" \/><figcaption id=\"caption-attachment-227\" class=\"wp-caption-text\">Empresa: Maquiladora Intuitive<br>Ubicaci\u00f3n: Parque Nelson<br>Proyecto: Remodelaci\u00f3n Oficinas<\/figcaption><\/figure>\n<\/td>\n<td style=\"width: 33.3333%; text-align: center; vertical-align: middle; height: 373px;\">\n<figure id=\"attachment_221\" aria-describedby=\"caption-attachment-221\" style=\"width: 300px\" class=\"wp-caption aligncenter\"><img loading=\"lazy\" decoding=\"async\" class=\"size-medium wp-image-221\" src=\"https:\/\/www.persianasblindco.com\/wp-content\/uploads\/2021\/05\/asf_tecni-300x300.png\" alt=\"\" width=\"300\" height=\"300\" srcset=\"https:\/\/www.persianasblindco.com\/wp-content\/uploads\/2021\/05\/asf_tecni-300x300.png 300w, https:\/\/www.persianasblindco.com\/wp-content\/uploads\/2021\/05\/asf_tecni-150x150.png 150w, https:\/\/www.persianasblindco.com\/wp-content\/uploads\/2021\/05\/asf_tecni.png 466w\" sizes=\"auto, (max-width: 300px) 100vw, 300px\" \/><figcaption id=\"caption-attachment-221\" class=\"wp-caption-text\">Empresa: Asfaltos T\u00e9cnicos<br>Ubicaci\u00f3n: Estatal No. 2<br>Proyecto: Remodelaci\u00f3n Oficinas<\/figcaption><\/figure>\n<\/td>\n<\/tr>\n<tr>\n<td style=\"width: 33.3333%; text-align: center; vertical-align: middle;\">\n<div class=\"mceTemp\">&nbsp;<\/div>\n<\/td>\n<td style=\"width: 33.3333%; text-align: center; vertical-align: middle;\">\n<div class=\"mceTemp\">&nbsp;<\/div>\n<\/td>\n<td style=\"width: 33.3333%; text-align: center; vertical-align: middle;\">\n<div class=\"mceTemp\">&nbsp;<\/div>\n<\/td>\n<\/tr>\n<\/tbody>\n<\/table>\n\n\n\n<p><\/p>\n","protected":false},"excerpt":{"rendered":"<p>Nuestra Experiencia &nbsp; &nbsp; &nbsp;<\/p>\n","protected":false},"author":1,"featured_media":0,"parent":0,"menu_order":0,"comment_status":"closed","ping_status":"closed","template":"","meta":{"ngg_post_thumbnail":0,"footnotes":""},"class_list":["post-217","page","type-page","status-publish","hentry"],"_links":{"self":[{"href":"https:\/\/www.persianasblindco.com\/index.php?rest_route=\/wp\/v2\/pages\/217","targetHints":{"allow":["GET"]}}],"collection":[{"href":"https:\/\/www.persianasblindco.com\/index.php?rest_route=\/wp\/v2\/pages"}],"about":[{"href":"https:\/\/www.persianasblindco.com\/index.php?rest_route=\/wp\/v2\/types\/page"}],"author":[{"embeddable":true,"href":"https:\/\/www.persianasblindco.com\/index.php?rest_route=\/wp\/v2\/users\/1"}],"replies":[{"embeddable":true,"href":"https:\/\/www.persianasblindco.com\/index.php?rest_route=%2Fwp%2Fv2%2Fcomments&post=217"}],"version-history":[{"count":7,"href":"https:\/\/www.persianasblindco.com\/index.php?rest_route=\/wp\/v2\/pages\/217\/revisions"}],"predecessor-version":[{"id":243,"href":"https:\/\/www.persianasblindco.com\/index.php?rest_route=\/wp\/v2\/pages\/217\/revisions\/243"}],"wp:attachment":[{"href":"https:\/\/www.persianasblindco.com\/index.php?rest_route=%2Fwp%2Fv2%2Fmedia&parent=217"}],"curies":[{"name":"wp","href":"https:\/\/api.w.org\/{rel}","templated":true}]}}